{"id":6242,"date":"2016-07-25T21:22:46","date_gmt":"2016-07-25T19:22:46","guid":{"rendered":"http:\/\/socialistii.md\/?page_id=6242"},"modified":"2021-03-12T14:01:50","modified_gmt":"2021-03-12T12:01:50","slug":"motiune-simpla","status":"publish","type":"page","link":"https:\/\/socialistii.md\/ru\/motiune-simpla\/","title":{"rendered":"Mo\u021biune simpl\u0103"},"content":{"rendered":"<div id=\"fb-root\"><\/div>\n\n\n\t<table border=\"0\" cellspacing=\"20\">\n<tbody>\n<tr>\n<th width=\"320\"><\/th>\n<th width=\"243\">\n<h2>Mo\u021biune simpl\u0103<\/h2>\n&nbsp;<\/th>\n<th width=\"303\"><\/th>\n<\/tr>\n<tr>\n<th width=\"320\">Data \u015fi nume<\/th>\n<th width=\"243\">Documente<\/th>\n<th width=\"303\">\u015etirile<\/th>\n<\/tr>\n<tr>\n<th width=\"320\">15.7.2016<br \/>\n\u00cempotriva Vasile B\u00eetca<\/th>\n<td width=\"293\"><a href=\"https:\/\/www.scribd.com\/document\/318375321\/Motiune-Ministerul-Dezvoltarii-Regionale#download&amp;from_embed\"><img decoding=\"async\" src=\"https:\/\/socialistii.md\/wp-content\/uploads\/2016\/03\/red-folder-vector-icon-thumb.png\" alt=\"\" border=\"0\" \/><\/a><br \/>\n<a href=\"https:\/\/www.scribd.com\/document\/318375321\/Motiune-Ministerul-Dezvoltarii-Regionale#download&amp;from_embed\">Desc\u0103rcare<\/a><\/td>\n<td width=\"303\"><a href=\"https:\/\/socialistii.md\/fractiunea-parlamentara-a-psrm-a-inregistrat-o-motiune-simpla-asupra-activitatii-ministrului-dezvoltarii-regionale-si-constructiilor-al-rm-vasile-bitca\/\">Frac\u0163iunea parlamentar\u0103 a PSRM a \u00eenregistrat o mo\u0163iune simpl\u0103 asupra activit\u0103\u0163ii Ministrului Dezvolt\u0103rii Regionale \u015fi Construc\u0163iilor al RM, Vasile B\u00eetca<\/a><\/td>\n<\/tr>\n<tr>\n<th width=\"320\">7.7.2016<br \/>\n\u00cempotriva Gheorghe Brega<\/th>\n<td width=\"293\"><a href=\"https:\/\/www.scribd.com\/document\/317686448\/Motiunea-Simpla-Brega-1#download&amp;from_embed\"><img decoding=\"async\" src=\"https:\/\/socialistii.md\/wp-content\/uploads\/2016\/03\/red-folder-vector-icon-thumb.png\" alt=\"\" border=\"0\" \/><\/a><br \/>\n<a href=\"https:\/\/www.scribd.com\/document\/317686448\/Motiunea-Simpla-Brega-1#download&amp;from_embed\">Desc\u0103rcare<\/a><\/td>\n<td width=\"303\"><a href=\"https:\/\/socialistii.md\/fractiunea-parlamentara-a-psrm-a-inregistrat-o-motiune-simpla-contra-viceprim-ministrului-pe-probleme-sociale-gheorghe-brega\/\">Frac\u0163iunea parlamentar\u0103 a PSRM a \u00eenregistrat o mo\u0163iune simpl\u0103 contra viceprim-ministrului pe probleme sociale, Gheorghe Brega<\/a><\/td>\n<\/tr>\n<tr>\n<th width=\"320\">1.7.2016<br \/>\n\u00cempotriva Vladimir Cebotari<\/th>\n<td width=\"293\"><a href=\"https:\/\/www.scribd.com\/document\/317205243\/V-Cebotari-Motiune#download&amp;from_embed\"><img decoding=\"async\" src=\"https:\/\/socialistii.md\/wp-content\/uploads\/2016\/03\/red-folder-vector-icon-thumb.png\" alt=\"\" border=\"0\" \/><\/a><br \/>\n<a href=\"https:\/\/www.scribd.com\/document\/317205243\/V-Cebotari-Motiune#download&amp;from_embed\">Desc\u0103rcare<\/a><\/td>\n<td width=\"303\"><a href=\"https:\/\/socialistii.md\/fractiunea-parlamentara-a-psrm-a-inregistrat-o-motiune-simpla-contra-ministrului-justitiei-vladimir-cebotari\/\">Frac\u0163iunea parlamentar\u0103 a PSRM a \u00eenregistrat o mo\u0163iune simpl\u0103 contra ministrului Justi\u0163iei, Vladimir Cebotari<\/a><\/td>\n<\/tr>\n<tr>\n<th width=\"320\">23.6.2016<br \/>\n\u00cempotriva Stela Grigora\u0219<\/th>\n<td width=\"293\"><a href=\"https:\/\/www.scribd.com\/doc\/316520545\/MOTIUNE-MMPSF#download&amp;from_embed\"><img decoding=\"async\" src=\"https:\/\/socialistii.md\/wp-content\/uploads\/2016\/03\/red-folder-vector-icon-thumb.png\" alt=\"\" border=\"0\" \/><\/a><br \/>\n<a href=\"https:\/\/www.scribd.com\/doc\/316520545\/MOTIUNE-MMPSF#download&amp;from_embed\">Desc\u0103rcare<\/a><\/td>\n<td width=\"303\"><a href=\"https:\/\/socialistii.md\/fractiunea-parlamentara-a-psrm-a-inregistrat-o-motiune-simpla-de-cenzura-asupra-activitatii-ministrului-muncii-protectiei-sociale-si-familiei-stela-grigoras\/\">Frac\u0163iunea parlamentar\u0103 a PSRM a \u00eenregistrat o mo\u0163iune simpl\u0103 asupra activit\u0103\u021bii Ministrului muncii, protec\u021biei sociale \u0219i familiei, Stela Grigora\u0219<\/a><\/td>\n<\/tr>\n<tr>\n<th width=\"320\">17.6.2016<br \/>\n\u00cempotriva Iurie Chirinciuc<\/th>\n<td width=\"293\"><a href=\"https:\/\/www.scribd.com\/doc\/315996972\/17-06-2016-MOTIUNE-Chirinciuc-Plenului-Parlamentului-Republicii-Moldova#download&amp;from_embed\"><img decoding=\"async\" src=\"https:\/\/socialistii.md\/wp-content\/uploads\/2016\/03\/red-folder-vector-icon-thumb.png\" alt=\"\" border=\"0\" \/><\/a><br \/>\n<a href=\"https:\/\/www.scribd.com\/doc\/315996972\/17-06-2016-MOTIUNE-Chirinciuc-Plenului-Parlamentului-Republicii-Moldova#download&amp;from_embed\">Desc\u0103rcare<\/a><\/td>\n<td width=\"303\"><a href=\"https:\/\/socialistii.md\/fractiunea-parlamentara-a-psrm-a-inregistrat-o-motiune-simpla-de-cenzura-contra-ministrului-transporturilor-iurie-chirinciuc\/\">Frac\u0163iunea parlamentar\u0103 a PSRM a \u00eenregistrat o mo\u0163iune simpl\u0103 contra ministrului Transporturilor, Iurie Chirinciuc<\/a><\/td>\n<\/tr>\n<tr>\n<th width=\"320\">9.6.2016<br \/>\n\u00cempotriva Octavian Arma\u015fu<\/th>\n<td width=\"293\"><a href=\"https:\/\/www.scribd.com\/doc\/315243672\/Motiune-ARMASU#download&amp;from_embed\"><img decoding=\"async\" src=\"https:\/\/socialistii.md\/wp-content\/uploads\/2016\/03\/red-folder-vector-icon-thumb.png\" alt=\"\" border=\"0\" \/><\/a><br \/>\n<a href=\"https:\/\/www.scribd.com\/doc\/315243672\/Motiune-ARMASU#download&amp;from_embed\">Desc\u0103rcare<\/a><\/td>\n<td width=\"303\"><a href=\"https:\/\/socialistii.md\/fractiunea-parlamentara-a-psrm-a-inregistrat-o-motiune-simpla-de-cenzura-impotriva-ministrului-finantelor-octavian-armasu\/\">Frac\u0163iunea parlamentar\u0103 a PSRM a \u00eenregistrat o mo\u0163iune simpl\u0103 \u00eempotriva ministrului Finan\u0163elor, Octavian Arma\u015fu<\/a><\/td>\n<\/tr>\n<tr>\n<th width=\"320\">27.5.2016<br \/>\n\u00cempotriva Corina Fusu<\/th>\n<td width=\"293\"><a href=\"https:\/\/www.scribd.com\/doc\/313986284\/MOTIUNE-Simpla-Min-Educ-Fusu#download&amp;from_embed\"><img decoding=\"async\" src=\"https:\/\/socialistii.md\/wp-content\/uploads\/2016\/03\/red-folder-vector-icon-thumb.png\" alt=\"\" border=\"0\" \/><\/a><br \/>\n<a href=\"https:\/\/www.scribd.com\/doc\/313986284\/MOTIUNE-Simpla-Min-Educ-Fusu#download&amp;from_embed\">Desc\u0103rcare<\/a><\/td>\n<td width=\"303\"><a href=\"https:\/\/socialistii.md\/socialistii-au-inregistrat-motiunea-simpla-de-cenzura-contra-ministrului-corina-fusu\/\">Sociali\u015ftii au \u00eenregistrat mo\u0163iunea simpl\u0103 de cenzur\u0103 contra ministrului Corina Fusu<\/a><\/td>\n<\/tr>\n<\/tbody>\n<\/table>\n\n","protected":false},"excerpt":{"rendered":"","protected":false},"author":1,"featured_media":0,"parent":0,"menu_order":0,"comment_status":"closed","ping_status":"closed","template":"","meta":{"_acf_changed":false,"footnotes":""},"class_list":["post-6242","page","type-page","status-publish","hentry"],"acf":[],"_links":{"self":[{"href":"https:\/\/socialistii.md\/ru\/wp-json\/wp\/v2\/pages\/6242","targetHints":{"allow":["GET"]}}],"collection":[{"href":"https:\/\/socialistii.md\/ru\/wp-json\/wp\/v2\/pages"}],"about":[{"href":"https:\/\/socialistii.md\/ru\/wp-json\/wp\/v2\/types\/page"}],"author":[{"embeddable":true,"href":"https:\/\/socialistii.md\/ru\/wp-json\/wp\/v2\/users\/1"}],"replies":[{"embeddable":true,"href":"https:\/\/socialistii.md\/ru\/wp-json\/wp\/v2\/comments?post=6242"}],"version-history":[{"count":1,"href":"https:\/\/socialistii.md\/ru\/wp-json\/wp\/v2\/pages\/6242\/revisions"}],"predecessor-version":[{"id":6243,"href":"https:\/\/socialistii.md\/ru\/wp-json\/wp\/v2\/pages\/6242\/revisions\/6243"}],"wp:attachment":[{"href":"https:\/\/socialistii.md\/ru\/wp-json\/wp\/v2\/media?parent=6242"}],"curies":[{"name":"wp","href":"https:\/\/api.w.org\/{rel}","templated":true}]}}