{"id":45,"date":"2014-05-20T11:36:10","date_gmt":"2014-05-20T11:36:10","guid":{"rendered":"http:\/\/socialistii.md\/?page_id=45"},"modified":"2025-02-10T01:56:14","modified_gmt":"2025-02-09T22:56:14","slug":"adera-la-partid","status":"publish","type":"page","link":"https:\/\/socialistii.md\/ru\/adera-la-partid\/","title":{"rendered":"ru\/Ader\u0103 la partid"},"content":{"rendered":"<div id=\"fb-root\"><\/div>\n\r\n<h5>Pentru a adera la Partidul Sociali\u0219tilor din Republica Moldova trebuie s\u0103 \u00eendeplini\u0163i urm\u0103toarele ac\u021biuni:<\/h5>\r\n<p>1. S\u0103 studia\u021bi\u00a0<a title=\"Statutul \" href=\"https:\/\/socialistii.md\/despre-partid\/ustav-partii\/\">Statutul<\/a> \u0219i documente programatice a partidului.<\/p>\r\n<p>2. S\u0103 ave\u021bi o convorbire cu secretarul organiza\u021biei primare de partid din circumscrip\u021bia administrativ-teritorial\u0103 a Dvs.<\/p>\r\n<p>3. S\u0103 depune\u021bi setul de acte \u00een organiza\u021bia primar\u0103 de partid.<\/p>\r\n<h4>Setul de acte necesar candidatului la aderare la partid:<\/h4>\r\n<p>1. Cerere de aderare.<\/p>\r\n<p>2. Ancheta candidatului.<\/p>\r\n<p>3. Copia buletinului de identitate.<\/p>\r\n<p>4. 2 fotografii color 3\u00d74 mm.<\/p>\r\n<p>Decizia definitiv\u0103 de primire \u00een r\u00eendurile partidului apar\u021bine adun\u0103rii organiza\u021biei primare de partid<\/p>\r\n<table border=\"0\" cellspacing=\"0\" cellpadding=\"0\">\r\n<tbody>\r\n<tr>\r\n<td valign=\"top\" width=\"508\"><strong>\u0411\u043b\u0430\u043d\u043a \u21161<\/strong><\/td>\r\n<td valign=\"top\" width=\"130\"><a href=\"https:\/\/socialistii.md\/wp-content\/uploads\/2014\/05\/Cerere.doc\" target=\"_blank\" rel=\"noopener\">\u0421\u043a\u0430\u0447\u0430\u0442\u044c<\/a><\/td>\r\n<\/tr>\r\n<\/tbody>\r\n<\/table>\r\n<h4>Extras din Statutul PSRM<\/h4>\r\n<p>Art. 3 Activitatea de membru al Partidulul politic, drepturile \u015fi obliga\u0163iunile membrilor de partid<\/p>\r\n<p>3.1. Membru al Partidului politic poate deveni oricare cet\u0103\u0163ean al Republicii Moldova capabil de ac\u0163iune, care a atins v\u00eersta de 18 ani \u015fi recunoa\u015fte Programul partidului (documentul de program \u00een vigoare), care \u00eendepline\u015fte cerin\u0163ele Statutului \u015fi este luat la eviden\u0163\u0103 \u00een una din organiza\u0163iile primare de partid.<\/p>\r\n<p>3.2. Partidul politic are apartenen\u0163\u0103 de partid fixat\u0103, fiec\u0103re membru al partidului de\u0163ine legitima\u0163ia de partid. Forma legitima\u0163iei de partid este stabilit\u0103 de Consiliul Republican.<\/p>\r\n<p>3.3. Membrii Partidului politic nu pot fi membri ai altor partide politice sau forma\u0163iuni social-politice. Ei pot fi membri ai unor organiza\u0163ii necomerciale de cet\u0103\u0163eni, care se creeaz\u0103 pe principiile intereselor profesionale, culturale \u015fi de alt gen \u015fi nu pretind la participare \u00een formarea organelor de stat.<\/p>\r\n","protected":false},"excerpt":{"rendered":"","protected":false},"author":1,"featured_media":0,"parent":0,"menu_order":0,"comment_status":"closed","ping_status":"closed","template":"","meta":{"_acf_changed":false,"footnotes":""},"class_list":["post-45","page","type-page","status-publish","hentry"],"acf":[],"_links":{"self":[{"href":"https:\/\/socialistii.md\/ru\/wp-json\/wp\/v2\/pages\/45","targetHints":{"allow":["GET"]}}],"collection":[{"href":"https:\/\/socialistii.md\/ru\/wp-json\/wp\/v2\/pages"}],"about":[{"href":"https:\/\/socialistii.md\/ru\/wp-json\/wp\/v2\/types\/page"}],"author":[{"embeddable":true,"href":"https:\/\/socialistii.md\/ru\/wp-json\/wp\/v2\/users\/1"}],"replies":[{"embeddable":true,"href":"https:\/\/socialistii.md\/ru\/wp-json\/wp\/v2\/comments?post=45"}],"version-history":[{"count":3,"href":"https:\/\/socialistii.md\/ru\/wp-json\/wp\/v2\/pages\/45\/revisions"}],"predecessor-version":[{"id":120291,"href":"https:\/\/socialistii.md\/ru\/wp-json\/wp\/v2\/pages\/45\/revisions\/120291"}],"wp:attachment":[{"href":"https:\/\/socialistii.md\/ru\/wp-json\/wp\/v2\/media?parent=45"}],"curies":[{"name":"wp","href":"https:\/\/api.w.org\/{rel}","templated":true}]}}