{"id":120184,"date":"2025-02-09T19:24:27","date_gmt":"2025-02-09T16:24:27","guid":{"rendered":"https:\/\/socialistii.md\/?page_id=120184"},"modified":"2025-02-09T19:26:09","modified_gmt":"2025-02-09T16:26:09","slug":"despre-noi","status":"publish","type":"page","link":"https:\/\/socialistii.md\/ru\/despre-noi\/","title":{"rendered":"Despre noi"},"content":{"rendered":"<div id=\"fb-root\"><\/div>\n\t\t<div data-elementor-type=\"wp-page\" data-elementor-id=\"120184\" class=\"elementor elementor-120184\" data-elementor-post-type=\"page\">\n\t\t\t\t<div class=\"elementor-element elementor-element-13468a1 e-con-full e-flex e-con e-parent\" data-id=\"13468a1\" data-element_type=\"container\">\n\t\t\t\t<div class=\"elementor-element elementor-element-2e2bef5 elementor-arrows-position-inside elementor-widget elementor-widget-image-carousel\" data-id=\"2e2bef5\" data-element_type=\"widget\" data-settings=\"{&quot;slides_to_show&quot;:&quot;1&quot;,&quot;navigation&quot;:&quot;arrows&quot;,&quot;autoplay&quot;:&quot;yes&quot;,&quot;pause_on_hover&quot;:&quot;yes&quot;,&quot;pause_on_interaction&quot;:&quot;yes&quot;,&quot;autoplay_speed&quot;:5000,&quot;infinite&quot;:&quot;yes&quot;,&quot;effect&quot;:&quot;slide&quot;,&quot;speed&quot;:500}\" data-widget_type=\"image-carousel.default\">\n\t\t\t\t<div class=\"elementor-widget-container\">\n\t\t\t\t\t\t\t<div class=\"elementor-image-carousel-wrapper swiper\" role=\"region\" aria-roledescription=\"carousel\" aria-label=\"\u041a\u0430\u0440\u0443\u0441\u0435\u043b\u044c\" dir=\"ltr\">\n\t\t\t<div class=\"elementor-image-carousel swiper-wrapper swiper-image-stretch\" aria-live=\"off\">\n\t\t\t\t\t\t\t\t<div class=\"swiper-slide\" role=\"group\" aria-roledescription=\"slide\" aria-label=\"1 \u0438\u0437 2\"><figure class=\"swiper-slide-inner\"><img decoding=\"async\" class=\"swiper-slide-image\" src=\"https:\/\/socialistii.md\/wp-content\/uploads\/2025\/02\/5323583191862340481.jpg\" alt=\"5323583191862340481.jpg\" \/><\/figure><\/div><div class=\"swiper-slide\" role=\"group\" aria-roledescription=\"slide\" aria-label=\"2 \u0438\u0437 2\"><figure class=\"swiper-slide-inner\"><img decoding=\"async\" class=\"swiper-slide-image\" src=\"https:\/\/socialistii.md\/wp-content\/uploads\/2025\/02\/psrm-768x403-1.jpg\" alt=\"\u041f\u0421\u0420\u041c-768x403-1.jpg\" \/><\/figure><\/div>\t\t\t<\/div>\n\t\t\t\t\t\t\t\t\t\t\t\t<div class=\"elementor-swiper-button elementor-swiper-button-prev\" role=\"button\" tabindex=\"0\">\n\t\t\t\t\t\t<svg aria-hidden=\"true\" class=\"e-font-icon-svg e-eicon-chevron-left\" viewBox=\"0 0 1000 1000\" xmlns=\"http:\/\/www.w3.org\/2000\/svg\"><path d=\"M646 125C629 125 613 133 604 142L308 442C296 454 292 471 292 487 292 504 296 521 308 533L604 854C617 867 629 875 646 875 663 875 679 871 692 858 704 846 713 829 713 812 713 796 708 779 692 767L438 487 692 225C700 217 708 204 708 187 708 171 704 154 692 142 675 129 663 125 646 125Z\"><\/path><\/svg>\t\t\t\t\t<\/div>\n\t\t\t\t\t<div class=\"elementor-swiper-button elementor-swiper-button-next\" role=\"button\" tabindex=\"0\">\n\t\t\t\t\t\t<svg aria-hidden=\"true\" class=\"e-font-icon-svg e-eicon-chevron-right\" viewBox=\"0 0 1000 1000\" xmlns=\"http:\/\/www.w3.org\/2000\/svg\"><path d=\"M696 533C708 521 713 504 713 487 713 471 708 454 696 446L400 146C388 133 375 125 354 125 338 125 325 129 313 142 300 154 292 171 292 187 292 204 296 221 308 233L563 492 304 771C292 783 288 800 288 817 288 833 296 850 308 863 321 871 338 875 354 875 371 875 388 867 400 854L696 533Z\"><\/path><\/svg>\t\t\t\t\t<\/div>\n\t\t\t\t\n\t\t\t\t\t\t\t\t\t<\/div>\n\t\t\t\t\t\t<\/div>\n\t\t\t\t<\/div>\n\t\t\t\t<div class=\"elementor-element elementor-element-3908600 elementor-widget elementor-widget-text-editor\" data-id=\"3908600\" data-element_type=\"widget\" data-widget_type=\"text-editor.default\">\n\t\t\t\t<div class=\"elementor-widget-container\">\n\t\t\t\t\t\t\t\t\t<p><strong>Partidul Sociali\u0219tilor din Republica Moldova (PSRM)<\/strong> este o forma\u021biune politic\u0103 de st\u00e2nga, dedicat\u0103 promov\u0103rii valorilor sociale, economice \u0219i politice care s\u0103 r\u0103spund\u0103 nevoilor \u0219i a\u0219tept\u0103rilor cet\u0103\u021benilor Moldovei. PSRM a fost \u00eenfiin\u021bat pentru a construi o societate echitabil\u0103, bazat\u0103 pe solidaritate, justi\u021bie social\u0103 \u0219i respect pentru drepturile fiec\u0103rui individ.<\/p><p>Partidul nostru lupt\u0103 pentru <strong>protejarea drepturilor \u0219i libert\u0103\u021bilor<\/strong> cet\u0103\u021benilor, <strong>pentru o economie sustenabil\u0103<\/strong> \u0219i pentru <strong>construirea unei Moldove mai puternice<\/strong>. \u00cen cadrul PSRM, ne angaj\u0103m s\u0103 promov\u0103m politici care s\u0103 garanteze <strong>bun\u0103starea fiec\u0103rei familii<\/strong> \u0219i s\u0103 asigure <strong>un viitor prosper<\/strong> pentru to\u021bi cet\u0103\u021benii \u021b\u0103rii.<\/p><h4><strong>Principiile fundamentale ale PSRM:<\/strong><\/h4><ul><li><strong>Echitate social\u0103:<\/strong> Sus\u021binem politici care promoveaz\u0103 redistribuirea echitabil\u0103 a resurselor \u0219i sprijinirea celor vulnerabili.<\/li><li><strong>P\u0103strarea valorilor tradi\u021bionale:<\/strong> Respect\u0103m valorile istorice \u0219i culturale ale poporului moldovean, protej\u00e2nd familia, tradi\u021biile \u0219i identitatea na\u021bional\u0103.<\/li><li><strong>Dezvoltare economic\u0103 durabil\u0103:<\/strong> Ne angaj\u0103m s\u0103 sus\u021binem cre\u0219terea economic\u0103 prin politici eficiente \u0219i investi\u021bii \u00een infrastructur\u0103, educa\u021bie \u0219i s\u0103n\u0103tate.<\/li><li><strong>Democra\u021bie \u0219i transparen\u021b\u0103:<\/strong> Lupt\u0103m pentru o guvernare deschis\u0103 \u0219i responsabil\u0103, care s\u0103 serveasc\u0103 interesele cet\u0103\u021benilor, nu ale grupurilor de interese.<\/li><li><strong>Neutralitatea \u0219i securitatea na\u021bional\u0103:<\/strong> Sus\u021binem politica de neutralitate a Republicii Moldova \u0219i promov\u0103m stabilitatea \u00een regiune.<\/li><\/ul><h4><strong>Misiunea noastr\u0103<\/strong><\/h4><p>Misiunea Partidului Sociali\u0219tilor din Republica Moldova este de a contribui la crearea unei societ\u0103\u021bi moderne \u0219i echitabile, \u00een care to\u021bi cet\u0103\u021benii s\u0103 se simt\u0103 proteja\u021bi \u0219i respecta\u021bi. Ne dedic\u0103m promov\u0103rii unui stat social, \u00een care fiecare persoan\u0103 are \u0219ansa de a tr\u0103i \u00eentr-un mediu sigur \u0219i prosper.<\/p><p>Suntem al\u0103turi de oameni \u0219i pentru oameni, iar angajamentul nostru fa\u021b\u0103 de viitorul Moldovei este unul ferm \u0219i constant.<\/p><p><strong>\u00cempreun\u0103 putem construi o Moldov\u0103 mai puternic\u0103, mai echitabil\u0103 \u0219i mai prosper\u0103!<\/strong><\/p>\t\t\t\t\t\t\t\t<\/div>\n\t\t\t\t<\/div>\n\t\t\t\t<\/div>\n\t\t\t\t<\/div>\n\t\t","protected":false},"excerpt":{"rendered":"<p>Partidul Sociali\u0219tilor din Republica Moldova (PSRM) este o forma\u021biune politic\u0103 de st\u00e2nga, dedicat\u0103 promov\u0103rii valorilor sociale, economice \u0219i politice care s\u0103 r\u0103spund\u0103 nevoilor \u0219i a\u0219tept\u0103rilor cet\u0103\u021benilor Moldovei. PSRM a fost \u00eenfiin\u021bat pentru a construi o societate echitabil\u0103, bazat\u0103 pe solidaritate, justi\u021bie social\u0103 \u0219i respect pentru drepturile fiec\u0103rui individ. Partidul nostru lupt\u0103 pentru protejarea drepturilor \u0219i [&hellip;]<\/p>\n","protected":false},"author":1,"featured_media":0,"parent":0,"menu_order":0,"comment_status":"closed","ping_status":"closed","template":"elementor_header_footer","meta":{"_acf_changed":false,"footnotes":""},"class_list":["post-120184","page","type-page","status-publish","hentry"],"acf":[],"_links":{"self":[{"href":"https:\/\/socialistii.md\/ru\/wp-json\/wp\/v2\/pages\/120184","targetHints":{"allow":["GET"]}}],"collection":[{"href":"https:\/\/socialistii.md\/ru\/wp-json\/wp\/v2\/pages"}],"about":[{"href":"https:\/\/socialistii.md\/ru\/wp-json\/wp\/v2\/types\/page"}],"author":[{"embeddable":true,"href":"https:\/\/socialistii.md\/ru\/wp-json\/wp\/v2\/users\/1"}],"replies":[{"embeddable":true,"href":"https:\/\/socialistii.md\/ru\/wp-json\/wp\/v2\/comments?post=120184"}],"version-history":[{"count":4,"href":"https:\/\/socialistii.md\/ru\/wp-json\/wp\/v2\/pages\/120184\/revisions"}],"predecessor-version":[{"id":120188,"href":"https:\/\/socialistii.md\/ru\/wp-json\/wp\/v2\/pages\/120184\/revisions\/120188"}],"wp:attachment":[{"href":"https:\/\/socialistii.md\/ru\/wp-json\/wp\/v2\/media?parent=120184"}],"curies":[{"name":"wp","href":"https:\/\/api.w.org\/{rel}","templated":true}]}}