{"id":11681,"date":"2018-02-09T13:42:09","date_gmt":"2018-02-09T11:42:09","guid":{"rendered":"http:\/\/socialistii.md\/?page_id=11681"},"modified":"2021-03-12T10:58:10","modified_gmt":"2021-03-12T08:58:10","slug":"programul-de-audienta-a-cetatenilor","status":"publish","type":"page","link":"https:\/\/socialistii.md\/ru\/programul-de-audienta-a-cetatenilor\/","title":{"rendered":"PROGRAMUL DE AUDIEN\u0162\u0102 A CET\u0102\u021aENILOR"},"content":{"rendered":"<div id=\"fb-root\"><\/div>\n\n\n\t\n\n<table border=\"0\" cellspacing=\"0\" cellpadding=\"0\">\n<tbody>\n<tr>\n<td valign=\"top\" width=\"32\">N\/o<\/td>\n<td valign=\"top\" width=\"214\"><b>Nume, Prenume<\/b><\/td>\n<td colspan=\"3\" valign=\"top\" width=\"202\"><b>Program de audien\u0163\u0103 a cet\u0103\u0163enilor<\/b><\/td>\n<td colspan=\"2\" valign=\"top\" width=\"112\">\n\n<\/td>\n<td valign=\"top\" width=\"172\">\n\n<\/td>\n<td colspan=\"3\" valign=\"top\" width=\"238\">\n\n<\/td>\n<\/tr>\n<tr>\n<td valign=\"top\" width=\"32\">\n1\n<\/td>\n<td valign=\"top\" width=\"214\">Svetlana <b>POPA\u00a0<\/b><\/td>\n<td colspan=\"3\" valign=\"top\" width=\"202\">\n<b>Mar\u021bi<br \/>\n14.00-16.00<\/b>\n<\/td>\n<td colspan=\"2\" valign=\"top\" width=\"112\">\nPrim\u0103ria mun. Chi\u0219in\u0103u\n<\/td>\n<td valign=\"top\" width=\"172\"><b>Chi\u0219in\u0103u, bul. \u0218tefan cel Mare 83, of. 18, <\/b>022 201545<\/td>\n<td colspan=\"3\" valign=\"top\" width=\"238\">\n<b>Miercuri<br \/>\n14.00-16.00 <\/b>\nPrim\u0103ria s. Tohatin\n(\u00een componen\u0163a sect. Ciocana), Vadul-lui-Vod\u0103, Coloni\u0163a\n<\/td>\n<\/tr>\n<tr>\n<td valign=\"top\" width=\"32\">\n2\n<\/td>\n<td valign=\"top\" width=\"214\">Iurii <b>Vitneanschii<\/b><\/td>\n<td colspan=\"3\" valign=\"top\" width=\"202\">\n<b>Luni<br \/>\n10.00-12.00<\/b>\n<\/td>\n<td colspan=\"2\" valign=\"top\" width=\"112\">\nPretura sec. Botanica\n<\/td>\n<td valign=\"top\" width=\"172\">\n<b>Chi\u0219in\u0103u, bul. Decebal 139 B, of. 211<\/b> 022 63 63 77, 022 52 35 66\n<\/td>\n<td colspan=\"3\" valign=\"top\" width=\"238\">\n<b>Prima zi de luni<br \/>\n14.00-16.00<\/b> Prim\u0103ria s. B\u0103cioi\n<\/td>\n<\/tr>\n<tr>\n<td valign=\"top\" width=\"32\">\n3\n<\/td>\n<td valign=\"top\" width=\"214\">Eugenia<b> Ceban\u00a0<\/b><\/td>\n<td colspan=\"3\" valign=\"top\" width=\"202\">\n<b>Luni<br \/>\n13.00-15.00<\/b>\n<\/td>\n<td colspan=\"2\" rowspan=\"1\" valign=\"top\" width=\"112\">\nPrim\u0103ria mun. Chi\u0219in\u0103u\n<\/td>\n<td rowspan=\"1\" valign=\"top\" width=\"172\"><b>Chi\u0219in\u0103u, bul. \u0218tefan cel Mare 83, of. 18,<\/b> 022 201640<\/td>\n<td colspan=\"3\" valign=\"top\" width=\"238\">\nPrim\u0103ria com. Codru\n<\/td>\n<\/tr>\n<tr>\n<td valign=\"top\" width=\"32\">\n6\n<\/td>\n<td valign=\"top\" width=\"214\">Nichita <b>\u0162urcan<\/b><\/td>\n<td colspan=\"3\" valign=\"top\" width=\"202\">\n<b>Vineri<br \/>\n15.00-17.00<\/b>\n<\/td>\n<td colspan=\"2\" rowspan=\"2\" width=\"112\">\nOficiul central al PSRM\n<\/td>\n<td rowspan=\"2\" valign=\"top\" width=\"172\">\n<b>Chi\u0219in\u0103u, str. Serghei Lazo 25 <\/b>tel. 022817877\n<\/td>\n<td colspan=\"3\" valign=\"top\" width=\"238\"><\/td>\n<\/tr>\n<tr>\n<td valign=\"top\" width=\"32\">7<\/td>\n<td valign=\"top\" width=\"214\">Alexandru <b>Odin\u0163ov<\/b><\/td>\n<td colspan=\"3\" valign=\"top\" width=\"202\"><b>Luni 9.00-11.00<\/b><\/td>\n<td colspan=\"3\" valign=\"top\" width=\"238\">\n<b>Prima zi de luni<br \/>\n14.00-16.00 <\/b>Prim\u0103ria or. Codru\n<\/td>\n<\/tr>\n<tr>\n<td valign=\"top\" width=\"32\">\n8\n<\/td>\n<td valign=\"top\" width=\"214\">Anton <b>Leadschi<\/b><\/td>\n<td colspan=\"3\" valign=\"top\" width=\"202\">\n<b>Luni<br \/>\n10.00-12.00<\/b>\n<\/td>\n<td colspan=\"2\" valign=\"top\" width=\"112\">Oficiu PSRM, \u00a0sec. Botanica<\/td>\n<td valign=\"top\" width=\"172\">\n<b>Chi\u0219in\u0103u, bul. Decebal 139 B, of. 211<\/b>022 63 63 77, 022 52 35 66\n<\/td>\n<td colspan=\"3\" valign=\"top\" width=\"238\">\n<b>Prima zi de luni<br \/>\n14.00-16.00<\/b> Prim\u0103ria or. S\u00eengera\n<\/td>\n<\/tr>\n<tr>\n<td valign=\"top\" width=\"32\">\n9\n<\/td>\n<td valign=\"top\" width=\"214\">Dinari<b> Cojocaru<\/b><\/td>\n<td colspan=\"3\" valign=\"top\" width=\"202\">\n<b>Mar\u021bi<br \/>\n14.00-16.00<\/b>\n<\/td>\n<td colspan=\"2\" rowspan=\"2\" valign=\"top\" width=\"112\">Oficiu PSRM, \u00a0sec. Buiucani<\/td>\n<td rowspan=\"2\" valign=\"top\" width=\"172\">\n\n022 817 900\n<\/td>\n<td colspan=\"3\" valign=\"top\" width=\"238\"><b>A treia zi de miercuri 16.00-18.00<\/b>\nPrim\u0103ria or. Vatra\n<b>A patra zi de miercuri 16.00-18.00 <\/b>Prim\u0103ria or. Durle\u015fti\n<\/td>\n<\/tr>\n<tr>\n<td valign=\"top\" width=\"32\">\n10\n<\/td>\n<td valign=\"top\" width=\"214\">Alexandru<b> Melniciuc<\/b><\/td>\n<td colspan=\"3\" valign=\"top\" width=\"202\">\n<b>Vineri<br \/>\n14.00-16.00<\/b>\n<\/td>\n<td colspan=\"3\" valign=\"top\" width=\"238\">\n<b>Prima zi de luni<br \/>\n16.00-18.00 <\/b>Prim\u0103ria com. Tru\u015feni\n<b>A doua zi de miercuri<br \/>\n16.00-18.00 <\/b>Prim\u0103ria com. Ghidighici\n<\/td>\n<\/tr>\n<tr>\n<td valign=\"top\" width=\"32\">11<\/td>\n<td valign=\"top\" width=\"214\">Eugenia<b> Ceban<\/b><\/td>\n<td colspan=\"3\" valign=\"top\" width=\"202\">\n<b>Mar\u021bi<br \/>\n10.00-13.00<\/b>\n<\/td>\n<td colspan=\"2\" valign=\"top\" width=\"112\">Oficiu PSRM sec. Centru<\/td>\n<td width=\"172\">\n\n022 27 73 74\n<\/td>\n<td colspan=\"3\" valign=\"top\" width=\"238\"><\/td>\n<\/tr>\n<tr>\n<td valign=\"top\" width=\"32\">12<\/td>\n<td valign=\"top\" width=\"214\">Petru <b>Burduja<\/b><\/td>\n<td colspan=\"3\" valign=\"top\" width=\"202\">\n<b>S\u00eemb\u0103t\u0103<br \/>\n10.00-12.00<\/b>\n<\/td>\n<td colspan=\"2\" rowspan=\"4\" valign=\"top\" width=\"112\">Oficiu PSRM sec. Ciocana<\/td>\n<td rowspan=\"4\" valign=\"top\" width=\"172\"><b>Chi\u0219in\u0103u,\u00a0 str. A. Russo, 24\/2<\/b>\n022 47 63 99\n<\/td>\n<td colspan=\"3\" valign=\"top\" width=\"238\">\n<b>S\u00eemb\u0103t\u0103<br \/>\n09.00-11.00 <\/b>Prim\u0103ria com. Bubuieci, Coloni\u0163a\n<\/td>\n<\/tr>\n<tr>\n<td valign=\"top\" width=\"32\">13<\/td>\n<td valign=\"top\" width=\"214\">Silvia<b> Grigore<\/b><\/td>\n<td colspan=\"3\" valign=\"top\" width=\"202\">\n<b>Mar\u021bi<br \/>\n10.00-13.00<\/b>\n<\/td>\n<td colspan=\"3\" valign=\"top\" width=\"238\">\n<b>Luni<br \/>\n14.00-16.00<\/b> Prim\u0103ria com. Bode\u015fti\n<b>Vineri<br \/>\n10.00-12.00<\/b> Prim\u0103ria com. Cruze\u015fti\n<\/td>\n<\/tr>\n<tr>\n<td valign=\"top\" width=\"32\">14<\/td>\n<td valign=\"top\" width=\"214\">Serghei<b> Doina\u00a0 <\/b><\/td>\n<td colspan=\"3\" valign=\"top\" width=\"202\">\n<b>Vineri<br \/>\n11.00-13.00<\/b>\n<\/td>\n<td colspan=\"3\" valign=\"top\" width=\"238\">\n<b>Mar\u0163i<br \/>\n10.00-12.00 <\/b>Prim\u0103ria com. Bubuieci\n<\/td>\n<\/tr>\n<tr>\n<td valign=\"top\" width=\"32\">15<\/td>\n<td valign=\"top\" width=\"214\">Victor<b> Poleacov<\/b><\/td>\n<td colspan=\"3\" valign=\"top\" width=\"202\">\n<b>Miercuri<br \/>\n10.00-12.00<\/b>\n<\/td>\n<td colspan=\"3\" valign=\"top\" width=\"238\">\n<b>Vineri<br \/>\n10.00-12.00 <\/b>Prim\u0103ria com. Cruze\u015fti\n<\/td>\n<\/tr>\n<tr>\n<td valign=\"top\" width=\"32\">16<\/td>\n<td valign=\"top\" width=\"214\">Alexandru <b>Comarov<\/b><\/td>\n<td colspan=\"3\" valign=\"top\" width=\"202\">\n<b>Mar\u021bi<br \/>\n14.00-16.00<\/b>\n<\/td>\n<td colspan=\"2\" rowspan=\"3\" valign=\"top\" width=\"112\">Oficiu PSRM sec. R\u00ee\u0219cani<\/td>\n<td rowspan=\"3\" valign=\"top\" width=\"172\">\n\n022 877000\n<\/td>\n<td colspan=\"3\" valign=\"top\" width=\"238\">\n<b>A patra zi de luni<br \/>\n14.00-16.00<\/b> Prim\u0103ria com. Gr\u0103tie\u015fti\n<b>A doua zi de luni<br \/>\n14.00-16.00<\/b> Prim\u0103ria or. Cricova\n<\/td>\n<\/tr>\n<tr>\n<td valign=\"top\" width=\"32\">17<\/td>\n<td valign=\"top\" width=\"214\">Vitalie<b> Mucan<\/b><\/td>\n<td colspan=\"3\" valign=\"top\" width=\"202\">\n<b>Mar\u021bi<br \/>\n14.00-16.00<\/b>\n<\/td>\n<td colspan=\"3\" valign=\"top\" width=\"238\">\n<b>Prima zi de luni<br \/>\n14.00-16.00<\/b> Prim\u0103ria com. St\u0103uceni\n<\/td>\n<\/tr>\n<tr>\n<td valign=\"top\" width=\"32\">18<\/td>\n<td valign=\"top\" width=\"214\">Serghei <b>Basiuc-Br\u00eenzei<\/b><\/td>\n<td colspan=\"3\" valign=\"top\" width=\"202\">\n<b>Vineri<br \/>\n14.00-16.00<\/b>\n<\/td>\n<td colspan=\"3\" valign=\"top\" width=\"238\">\n<b>A traia zi de luni<br \/>\n14.00-16.00<\/b> Prim\u0103ria com. Ciorescu\n<\/td>\n<\/tr>\n<tr>\n<td valign=\"top\" width=\"32\">19<\/td>\n<td valign=\"top\" width=\"214\">Valeri <b>Botea<\/b><\/td>\n<td colspan=\"3\" valign=\"top\" width=\"202\">\n<b>Vineri<br \/>\n10.00-12.00<\/b>\n<\/td>\n<td colspan=\"2\" valign=\"top\" width=\"112\">Oficiu PSRM, \u00a0sec. Botanica<\/td>\n<td valign=\"top\" width=\"172\">\n<b>Chi\u0219in\u0103u, bul. Decebal 139 B, of. 211, <\/b>022 63 63 77\n<\/td>\n<td colspan=\"3\" valign=\"top\" width=\"238\"><\/td>\n<\/tr>\n<\/tbody>\n<\/table>\n<p>&nbsp;<\/p>\n<table>\n<tbody>\n<tr>\n<td colspan=\"4\" valign=\"top\" width=\"250\">\n\n<\/td>\n<td colspan=\"2\" width=\"200\">Snejana<b> Burduja<\/b>\n\nLudmila<b> Polodiuc<\/b><\/td>\n<td colspan=\"3\" width=\"194\">\n\n<\/td>\n<td width=\"81\">\nPrim\u0103ria mun. Chi\u0219in\u0103u\n<\/td>\n<td colspan=\"2\" width=\"280\">\n\n\n\n<\/td>\n<\/tr>\n<\/tbody>\n<\/table>\n\n","protected":false},"excerpt":{"rendered":"","protected":false},"author":1,"featured_media":0,"parent":0,"menu_order":0,"comment_status":"closed","ping_status":"closed","template":"page-grafic.php","meta":{"_acf_changed":false,"footnotes":""},"class_list":["post-11681","page","type-page","status-publish","hentry"],"acf":[],"_links":{"self":[{"href":"https:\/\/socialistii.md\/ru\/wp-json\/wp\/v2\/pages\/11681","targetHints":{"allow":["GET"]}}],"collection":[{"href":"https:\/\/socialistii.md\/ru\/wp-json\/wp\/v2\/pages"}],"about":[{"href":"https:\/\/socialistii.md\/ru\/wp-json\/wp\/v2\/types\/page"}],"author":[{"embeddable":true,"href":"https:\/\/socialistii.md\/ru\/wp-json\/wp\/v2\/users\/1"}],"replies":[{"embeddable":true,"href":"https:\/\/socialistii.md\/ru\/wp-json\/wp\/v2\/comments?post=11681"}],"version-history":[{"count":1,"href":"https:\/\/socialistii.md\/ru\/wp-json\/wp\/v2\/pages\/11681\/revisions"}],"predecessor-version":[{"id":11682,"href":"https:\/\/socialistii.md\/ru\/wp-json\/wp\/v2\/pages\/11681\/revisions\/11682"}],"wp:attachment":[{"href":"https:\/\/socialistii.md\/ru\/wp-json\/wp\/v2\/media?parent=11681"}],"curies":[{"name":"wp","href":"https:\/\/api.w.org\/{rel}","templated":true}]}}